{"id":539,"date":"2020-04-01T15:14:27","date_gmt":"2020-04-01T15:14:27","guid":{"rendered":"http:\/\/woidboda.at\/?page_id=9"},"modified":"2025-02-04T10:57:40","modified_gmt":"2025-02-04T10:57:40","slug":"unsere-angebote","status":"publish","type":"page","link":"https:\/\/www.woidboda.at\/?page_id=539","title":{"rendered":"Unsere Angebote"},"content":{"rendered":"\n<p>Wir bieten Tagesaktuelle regionale Produkte an.<\/p>\n\n\n\n<p>Speisen sind Tagesaktuell laut Aushang verf\u00fcgbar.<\/p>\n\n\n\n<figure class=\"wp-block-image size-large is-resized\"><img loading=\"lazy\" decoding=\"async\" width=\"1024\" height=\"683\" src=\"http:\/\/www.woidboda.at\/wp-content\/uploads\/2025\/02\/DSC7604_2_RI-1-1024x683.jpg\" alt=\"\" class=\"wp-image-886\" style=\"width:1143px;height:auto\" srcset=\"https:\/\/www.woidboda.at\/wp-content\/uploads\/2025\/02\/DSC7604_2_RI-1-1024x683.jpg 1024w, https:\/\/www.woidboda.at\/wp-content\/uploads\/2025\/02\/DSC7604_2_RI-1-300x200.jpg 300w, https:\/\/www.woidboda.at\/wp-content\/uploads\/2025\/02\/DSC7604_2_RI-1.jpg 1707w\" sizes=\"auto, (max-width: 1024px) 100vw, 1024px\" \/><figcaption class=\"wp-element-caption\">Verschiede Pizza (t\u00e4glich verf\u00fcgbar)<\/figcaption><\/figure>\n\n\n\n<p>Wir bieten unser sch\u00f6nes Ambiente auch f\u00fcr verschieden Feste wie Firmenfeier, Geburtstage usw. an. <\/p>\n\n\n\n<p>Anfrage bitte an +43 677\/62576926.<\/p>\n\n\n\n<figure class=\"wp-block-image size-large is-resized\"><img loading=\"lazy\" decoding=\"async\" width=\"1024\" height=\"682\" src=\"http:\/\/www.woidboda.at\/wp-content\/uploads\/2025\/02\/DSC_6216_RI-1024x682.jpg\" alt=\"\" class=\"wp-image-685\" style=\"width:1142px;height:auto\" srcset=\"https:\/\/www.woidboda.at\/wp-content\/uploads\/2025\/02\/DSC_6216_RI-1024x682.jpg 1024w, https:\/\/www.woidboda.at\/wp-content\/uploads\/2025\/02\/DSC_6216_RI-300x200.jpg 300w, https:\/\/www.woidboda.at\/wp-content\/uploads\/2025\/02\/DSC_6216_RI.jpg 1700w\" sizes=\"auto, (max-width: 1024px) 100vw, 1024px\" \/><figcaption class=\"wp-element-caption\">Frische Fisch aus Steyrling<\/figcaption><\/figure>\n\n\n\n<figure class=\"wp-block-image size-full is-resized\"><img loading=\"lazy\" decoding=\"async\" width=\"720\" height=\"608\" src=\"http:\/\/www.woidboda.at\/wp-content\/uploads\/2025\/02\/WhatsApp-Bild-2024-07-23-um-12.05.24_e5e35f0f.jpg\" alt=\"\" class=\"wp-image-890\" style=\"width:1140px;height:auto\" srcset=\"https:\/\/www.woidboda.at\/wp-content\/uploads\/2025\/02\/WhatsApp-Bild-2024-07-23-um-12.05.24_e5e35f0f.jpg 720w, https:\/\/www.woidboda.at\/wp-content\/uploads\/2025\/02\/WhatsApp-Bild-2024-07-23-um-12.05.24_e5e35f0f-300x253.jpg 300w\" sizes=\"auto, (max-width: 720px) 100vw, 720px\" \/><figcaption class=\"wp-element-caption\">Gute Jause<\/figcaption><\/figure>\n\n\n\n<figure class=\"wp-block-image size-large is-resized\"><img loading=\"lazy\" decoding=\"async\" width=\"1024\" height=\"683\" src=\"http:\/\/www.woidboda.at\/wp-content\/uploads\/2025\/02\/DSC7598_2_RI-1024x683.jpg\" alt=\"\" class=\"wp-image-668\" style=\"width:1141px;height:auto\" srcset=\"https:\/\/www.woidboda.at\/wp-content\/uploads\/2025\/02\/DSC7598_2_RI-1024x683.jpg 1024w, https:\/\/www.woidboda.at\/wp-content\/uploads\/2025\/02\/DSC7598_2_RI-300x200.jpg 300w, https:\/\/www.woidboda.at\/wp-content\/uploads\/2025\/02\/DSC7598_2_RI.jpg 1707w\" sizes=\"auto, (max-width: 1024px) 100vw, 1024px\" \/><figcaption class=\"wp-element-caption\">Speckbrot<\/figcaption><\/figure>\n\n\n\n<figure class=\"wp-block-image size-full is-resized\"><img loading=\"lazy\" decoding=\"async\" width=\"572\" height=\"632\" src=\"http:\/\/www.woidboda.at\/wp-content\/uploads\/2025\/02\/WhatsApp-Bild-2024-07-01-um-20.28.09_0e5ef0ec.jpg\" alt=\"\" class=\"wp-image-893\" style=\"width:1153px;height:auto\" srcset=\"https:\/\/www.woidboda.at\/wp-content\/uploads\/2025\/02\/WhatsApp-Bild-2024-07-01-um-20.28.09_0e5ef0ec.jpg 572w, https:\/\/www.woidboda.at\/wp-content\/uploads\/2025\/02\/WhatsApp-Bild-2024-07-01-um-20.28.09_0e5ef0ec-272x300.jpg 272w\" sizes=\"auto, (max-width: 572px) 100vw, 572px\" \/><figcaption class=\"wp-element-caption\">Frischen Schweinsbraten<\/figcaption><\/figure>\n\n\n\n<figure class=\"wp-block-image size-full is-resized\"><img loading=\"lazy\" decoding=\"async\" width=\"719\" height=\"671\" src=\"http:\/\/www.woidboda.at\/wp-content\/uploads\/2025\/02\/WhatsApp-Bild-2024-08-05-um-13.47.22_8571d056.jpg\" alt=\"\" class=\"wp-image-895\" style=\"width:1150px;height:auto\" srcset=\"https:\/\/www.woidboda.at\/wp-content\/uploads\/2025\/02\/WhatsApp-Bild-2024-08-05-um-13.47.22_8571d056.jpg 719w, https:\/\/www.woidboda.at\/wp-content\/uploads\/2025\/02\/WhatsApp-Bild-2024-08-05-um-13.47.22_8571d056-300x280.jpg 300w\" sizes=\"auto, (max-width: 719px) 100vw, 719px\" \/><figcaption class=\"wp-element-caption\">Strau\u00dfen Steak<\/figcaption><\/figure>\n\n\n\n<figure class=\"wp-block-image size-full is-resized\"><img loading=\"lazy\" decoding=\"async\" width=\"657\" height=\"398\" src=\"http:\/\/www.woidboda.at\/wp-content\/uploads\/2025\/02\/WhatsApp-Bild-2024-07-29-um-12.03.03_5707fdb0.jpg\" alt=\"\" class=\"wp-image-897\" style=\"width:1140px;height:auto\" srcset=\"https:\/\/www.woidboda.at\/wp-content\/uploads\/2025\/02\/WhatsApp-Bild-2024-07-29-um-12.03.03_5707fdb0.jpg 657w, https:\/\/www.woidboda.at\/wp-content\/uploads\/2025\/02\/WhatsApp-Bild-2024-07-29-um-12.03.03_5707fdb0-300x182.jpg 300w\" sizes=\"auto, (max-width: 657px) 100vw, 657px\" \/><figcaption class=\"wp-element-caption\">Rindsroulade<\/figcaption><\/figure>\n","protected":false},"excerpt":{"rendered":"<p>Wir bieten Tagesaktuelle regionale Produkte an. Speisen sind Tagesaktuell laut Aushang verf\u00fcgbar. Wir bieten unser sch\u00f6nes Ambiente auch f\u00fcr verschieden Feste wie Firmenfeier, Geburtstage usw. an. Anfrage bitte an +43 677\/62576926.<\/p>\n","protected":false},"author":3,"featured_media":926,"parent":0,"menu_order":0,"comment_status":"closed","ping_status":"closed","template":"","meta":{"footnotes":""},"class_list":["post-539","page","type-page","status-publish","has-post-thumbnail","hentry"],"_links":{"self":[{"href":"https:\/\/www.woidboda.at\/index.php?rest_route=\/wp\/v2\/pages\/539","targetHints":{"allow":["GET"]}}],"collection":[{"href":"https:\/\/www.woidboda.at\/index.php?rest_route=\/wp\/v2\/pages"}],"about":[{"href":"https:\/\/www.woidboda.at\/index.php?rest_route=\/wp\/v2\/types\/page"}],"author":[{"embeddable":true,"href":"https:\/\/www.woidboda.at\/index.php?rest_route=\/wp\/v2\/users\/3"}],"replies":[{"embeddable":true,"href":"https:\/\/www.woidboda.at\/index.php?rest_route=%2Fwp%2Fv2%2Fcomments&post=539"}],"version-history":[{"count":6,"href":"https:\/\/www.woidboda.at\/index.php?rest_route=\/wp\/v2\/pages\/539\/revisions"}],"predecessor-version":[{"id":898,"href":"https:\/\/www.woidboda.at\/index.php?rest_route=\/wp\/v2\/pages\/539\/revisions\/898"}],"wp:featuredmedia":[{"embeddable":true,"href":"https:\/\/www.woidboda.at\/index.php?rest_route=\/wp\/v2\/media\/926"}],"wp:attachment":[{"href":"https:\/\/www.woidboda.at\/index.php?rest_route=%2Fwp%2Fv2%2Fmedia&parent=539"}],"curies":[{"name":"wp","href":"https:\/\/api.w.org\/{rel}","templated":true}]}}