{"id":538,"date":"2020-04-01T15:13:07","date_gmt":"2020-04-01T15:13:07","guid":{"rendered":"http:\/\/woidboda.at\/?page_id=6"},"modified":"2025-02-04T09:20:40","modified_gmt":"2025-02-04T09:20:40","slug":"startseite","status":"publish","type":"page","link":"http:\/\/www.woidboda.at\/","title":{"rendered":"Startseite"},"content":{"rendered":"\n<p>Willkommen im Badebiotop Steyrling<\/p>\n\n\n\n<p>Rund um den Badebereich wurde 1993 ein wundersch\u00f6nes Biotop angelegt und eine Jausenstation errichtet.<br>F\u00fcr unsere G\u00e4ste bieten wir Getr\u00e4nke, Eis und Hausmannskost, ebenso gibt es Kaffee und<br>Kuchen.<br><\/p>\n\n\n\n<p>Wir bieten neben einer Abk\u00fchlungsm\u00f6glichkeit im Badebiotop auch eine gute Jause an.<\/p>\n\n\n\n<p>Mit dem Fahrrad erreichen Sie uns \u00fcber den Radweg \u201cR8\u201d, folgen Sie dazu der Radroute zum Badebiotop Steyrling.<\/p>\n\n\n\n<p>Ob f\u00fcr Firmenfeier oder Geburtstagsparty, wir sind gerne f\u00fcr Sie da.<\/p>\n\n\n\n<p><\/p>\n\n\n\n<p class=\"has-text-color has-link-color wp-elements-2bab57eeaced21cb18a8cf50fb96d4df\" style=\"color:#ff6900;font-size:clamp(17.905px, 1.119rem + ((1vw - 3.2px) * 1.052), 28px);\">\u00d6ffnungszeiten<\/p>\n\n\n\n<p>Mittwoch bis Sonntag<\/p>\n\n\n\n<p><br>Ab 11.00 Uhr verw\u00f6hnen wir euch,.<br>telefonische Anfragen beantworten<br>wir auch gerne.<\/p>\n\n\n\n<p style=\"line-height:0.2\"><br>(je nach Witterung)<\/p>\n\n\n\n<p><\/p>\n\n\n\n<p><\/p>\n\n\n\n<p class=\"has-luminous-vivid-orange-color has-text-color\" style=\"font-size:clamp(17.905px, 1.119rem + ((1vw - 3.2px) * 1.052), 28px);px\">Badeeintritt<\/p>\n\n\n\n<p id=\"block-da60aec2-7b00-43d0-9db0-9922bb88bbd9\">Eintrittspreis zum Erhalt des Badebiotopes zu bezahlen:<\/p>\n\n\n\n<p>Kinder 6 bis 15 Jahre \u20ac5.-<\/p>\n\n\n\n<p id=\"block-7f69f462-8568-4f24-af22-30d31d0e8044\">Personen ab 16 Jahre \u20ac6.-<\/p>\n\n\n\n<p id=\"block-da60aec2-7b00-43d0-9db0-9922bb88bbd9\">Der Eintritt ist mit der Pyhrn Priel-Card gratis.<\/p>\n\n\n\n<figure class=\"wp-block-image size-full is-resized\"><img loading=\"lazy\" decoding=\"async\" width=\"523\" height=\"282\" src=\"http:\/\/www.woidboda.at\/wp-content\/uploads\/2025\/02\/PyhrnPriel.png\" alt=\"\" class=\"wp-image-686\" style=\"width:203px;height:auto\" srcset=\"http:\/\/www.woidboda.at\/wp-content\/uploads\/2025\/02\/PyhrnPriel.png 523w, http:\/\/www.woidboda.at\/wp-content\/uploads\/2025\/02\/PyhrnPriel-300x162.png 300w\" sizes=\"auto, (max-width: 523px) 100vw, 523px\" \/><\/figure>\n\n\n\n<p><\/p>\n\n\n\n<p class=\"has-light-green-cyan-background-color has-background has-large-font-size\"><strong>Eindr\u00fccke vom Badebiotop<\/strong><\/p>\n\n\n\n<figure class=\"wp-block-image size-large\"><img loading=\"lazy\" decoding=\"async\" width=\"1024\" height=\"683\" src=\"http:\/\/www.woidboda.at\/wp-content\/uploads\/2025\/02\/DSC7461_2_RI-1024x683.jpg\" alt=\"\" class=\"wp-image-657\" srcset=\"http:\/\/www.woidboda.at\/wp-content\/uploads\/2025\/02\/DSC7461_2_RI-1024x683.jpg 1024w, http:\/\/www.woidboda.at\/wp-content\/uploads\/2025\/02\/DSC7461_2_RI-300x200.jpg 300w, http:\/\/www.woidboda.at\/wp-content\/uploads\/2025\/02\/DSC7461_2_RI.jpg 1707w\" sizes=\"auto, (max-width: 1024px) 100vw, 1024px\" \/><figcaption class=\"wp-element-caption\">Herzlich Willkommen <\/figcaption><\/figure>\n\n\n\n<figure class=\"wp-block-image size-large\"><img loading=\"lazy\" decoding=\"async\" width=\"1024\" height=\"683\" src=\"http:\/\/www.woidboda.at\/wp-content\/uploads\/2025\/02\/DSC7162_2_RI-1024x683.jpg\" alt=\"\" class=\"wp-image-659\" srcset=\"http:\/\/www.woidboda.at\/wp-content\/uploads\/2025\/02\/DSC7162_2_RI-1024x683.jpg 1024w, http:\/\/www.woidboda.at\/wp-content\/uploads\/2025\/02\/DSC7162_2_RI-300x200.jpg 300w, http:\/\/www.woidboda.at\/wp-content\/uploads\/2025\/02\/DSC7162_2_RI.jpg 1707w\" sizes=\"auto, (max-width: 1024px) 100vw, 1024px\" \/><figcaption class=\"wp-element-caption\">Gem\u00fctliche Stimmung und Entspannung Pur<\/figcaption><\/figure>\n\n\n\n<figure class=\"wp-block-image size-large\"><img loading=\"lazy\" decoding=\"async\" width=\"1024\" height=\"683\" src=\"http:\/\/www.woidboda.at\/wp-content\/uploads\/2025\/02\/DSC7582_2_RI-1024x683.jpg\" alt=\"\" class=\"wp-image-658\" srcset=\"http:\/\/www.woidboda.at\/wp-content\/uploads\/2025\/02\/DSC7582_2_RI-1024x683.jpg 1024w, http:\/\/www.woidboda.at\/wp-content\/uploads\/2025\/02\/DSC7582_2_RI-300x200.jpg 300w, http:\/\/www.woidboda.at\/wp-content\/uploads\/2025\/02\/DSC7582_2_RI.jpg 1707w\" sizes=\"auto, (max-width: 1024px) 100vw, 1024px\" \/><figcaption class=\"wp-element-caption\">F\u00fcr unsere kleinen G\u00e4ste gibt es viel Abwechslung<\/figcaption><\/figure>\n\n\n\n<figure class=\"wp-block-image size-large\"><img loading=\"lazy\" decoding=\"async\" width=\"1024\" height=\"683\" src=\"http:\/\/www.woidboda.at\/wp-content\/uploads\/2025\/02\/DSC7372_2_RI-1024x683.jpg\" alt=\"\" class=\"wp-image-665\" srcset=\"http:\/\/www.woidboda.at\/wp-content\/uploads\/2025\/02\/DSC7372_2_RI-1024x683.jpg 1024w, http:\/\/www.woidboda.at\/wp-content\/uploads\/2025\/02\/DSC7372_2_RI-300x200.jpg 300w, http:\/\/www.woidboda.at\/wp-content\/uploads\/2025\/02\/DSC7372_2_RI.jpg 1707w\" sizes=\"auto, (max-width: 1024px) 100vw, 1024px\" \/><figcaption class=\"wp-element-caption\">Viel Platz f\u00fcr die Kinder<\/figcaption><\/figure>\n\n\n\n<figure class=\"wp-block-image size-large\"><img loading=\"lazy\" decoding=\"async\" width=\"1024\" height=\"768\" src=\"http:\/\/www.woidboda.at\/wp-content\/uploads\/2025\/02\/DJI_0407_RI-1024x768.jpg\" alt=\"\" class=\"wp-image-770\" srcset=\"http:\/\/www.woidboda.at\/wp-content\/uploads\/2025\/02\/DJI_0407_RI-1024x768.jpg 1024w, http:\/\/www.woidboda.at\/wp-content\/uploads\/2025\/02\/DJI_0407_RI-300x225.jpg 300w, http:\/\/www.woidboda.at\/wp-content\/uploads\/2025\/02\/DJI_0407_RI.jpg 1700w\" sizes=\"auto, (max-width: 1024px) 100vw, 1024px\" \/><figcaption class=\"wp-element-caption\">Ganzjahresbetrieb im Woidboda<\/figcaption><\/figure>\n\n\n\n<figure class=\"wp-block-image size-large\"><img loading=\"lazy\" decoding=\"async\" width=\"1024\" height=\"682\" src=\"http:\/\/www.woidboda.at\/wp-content\/uploads\/2025\/02\/DSC_3185_RI-1024x682.jpg\" alt=\"\" class=\"wp-image-820\" srcset=\"http:\/\/www.woidboda.at\/wp-content\/uploads\/2025\/02\/DSC_3185_RI-1024x682.jpg 1024w, http:\/\/www.woidboda.at\/wp-content\/uploads\/2025\/02\/DSC_3185_RI-300x200.jpg 300w, http:\/\/www.woidboda.at\/wp-content\/uploads\/2025\/02\/DSC_3185_RI.jpg 1700w\" sizes=\"auto, (max-width: 1024px) 100vw, 1024px\" \/><figcaption class=\"wp-element-caption\">2 Flutlichtbeleuchtete Eisbahnen stehen zur Verf\u00fcgung<\/figcaption><\/figure>\n\n\n\n<figure class=\"wp-block-image size-large\"><img loading=\"lazy\" decoding=\"async\" width=\"1024\" height=\"682\" src=\"http:\/\/www.woidboda.at\/wp-content\/uploads\/2025\/02\/DSC_1623_RI-1024x682.jpg\" alt=\"\" class=\"wp-image-819\" srcset=\"http:\/\/www.woidboda.at\/wp-content\/uploads\/2025\/02\/DSC_1623_RI-1024x682.jpg 1024w, http:\/\/www.woidboda.at\/wp-content\/uploads\/2025\/02\/DSC_1623_RI-300x200.jpg 300w, http:\/\/www.woidboda.at\/wp-content\/uploads\/2025\/02\/DSC_1623_RI.jpg 1700w\" sizes=\"auto, (max-width: 1024px) 100vw, 1024px\" \/><figcaption class=\"wp-element-caption\">Die Perchten kommen auch immer gerne mal Vorbei<\/figcaption><\/figure>\n\n\n\n<figure class=\"wp-block-image size-large\"><img loading=\"lazy\" decoding=\"async\" width=\"1024\" height=\"682\" src=\"http:\/\/www.woidboda.at\/wp-content\/uploads\/2025\/02\/DSC_0564_RI-1024x682.jpg\" alt=\"\" class=\"wp-image-700\" srcset=\"http:\/\/www.woidboda.at\/wp-content\/uploads\/2025\/02\/DSC_0564_RI-1024x682.jpg 1024w, http:\/\/www.woidboda.at\/wp-content\/uploads\/2025\/02\/DSC_0564_RI-300x200.jpg 300w, http:\/\/www.woidboda.at\/wp-content\/uploads\/2025\/02\/DSC_0564_RI.jpg 1700w\" sizes=\"auto, (max-width: 1024px) 100vw, 1024px\" \/><figcaption class=\"wp-element-caption\">Open Air <\/figcaption><\/figure>\n","protected":false},"excerpt":{"rendered":"<p>Willkommen im Badebiotop Steyrling Rund um den Badebereich wurde 1993 ein wundersch\u00f6nes Biotop angelegt und eine Jausenstation errichtet.F\u00fcr unsere G\u00e4ste bieten wir Getr\u00e4nke, Eis und Hausmannskost, ebenso gibt es Kaffee undKuchen. Wir bieten neben einer Abk\u00fchlungsm\u00f6glichkeit im Badebiotop auch eine gute Jause an. Mit dem Fahrrad erreichen Sie uns \u00fcber den Radweg \u201cR8\u201d, folgen Sie &hellip; <\/p>\n<p class=\"link-more\"><a href=\"http:\/\/www.woidboda.at\/\" class=\"more-link\">Mehr <span class=\"screen-reader-text\">\u00fcber &#8222;Startseite&#8220; <\/span>Lesen<\/a><\/p>\n","protected":false},"author":3,"featured_media":676,"parent":0,"menu_order":0,"comment_status":"closed","ping_status":"closed","template":"","meta":{"footnotes":""},"class_list":["post-538","page","type-page","status-publish","has-post-thumbnail","hentry"],"_links":{"self":[{"href":"http:\/\/www.woidboda.at\/index.php?rest_route=\/wp\/v2\/pages\/538","targetHints":{"allow":["GET"]}}],"collection":[{"href":"http:\/\/www.woidboda.at\/index.php?rest_route=\/wp\/v2\/pages"}],"about":[{"href":"http:\/\/www.woidboda.at\/index.php?rest_route=\/wp\/v2\/types\/page"}],"author":[{"embeddable":true,"href":"http:\/\/www.woidboda.at\/index.php?rest_route=\/wp\/v2\/users\/3"}],"replies":[{"embeddable":true,"href":"http:\/\/www.woidboda.at\/index.php?rest_route=%2Fwp%2Fv2%2Fcomments&post=538"}],"version-history":[{"count":3,"href":"http:\/\/www.woidboda.at\/index.php?rest_route=\/wp\/v2\/pages\/538\/revisions"}],"predecessor-version":[{"id":902,"href":"http:\/\/www.woidboda.at\/index.php?rest_route=\/wp\/v2\/pages\/538\/revisions\/902"}],"wp:featuredmedia":[{"embeddable":true,"href":"http:\/\/www.woidboda.at\/index.php?rest_route=\/wp\/v2\/media\/676"}],"wp:attachment":[{"href":"http:\/\/www.woidboda.at\/index.php?rest_route=%2Fwp%2Fv2%2Fmedia&parent=538"}],"curies":[{"name":"wp","href":"https:\/\/api.w.org\/{rel}","templated":true}]}}